{"id":179,"date":"2023-02-17T12:26:00","date_gmt":"2023-02-17T12:26:00","guid":{"rendered":"https:\/\/tufotovideo.es\/?page_id=179"},"modified":"2026-01-16T16:49:05","modified_gmt":"2026-01-16T16:49:05","slug":"politica-de-privacidad","status":"publish","type":"page","link":"https:\/\/tufotovideo.es\/en\/politica-de-privacidad\/","title":{"rendered":"Pol\u00edtica de privacidad"},"content":{"rendered":"<div data-elementor-type=\"wp-page\" data-elementor-id=\"179\" class=\"elementor elementor-179\" data-elementor-post-type=\"page\">\n\t\t\t\t\t\t<section class=\"elementor-section elementor-top-section elementor-element elementor-element-7fa191e elementor-section-boxed elementor-section-height-default elementor-section-height-default\" data-id=\"7fa191e\" data-element_type=\"section\" data-settings=\"{&quot;background_background&quot;:&quot;classic&quot;}\">\n\t\t\t\t\t\t<div class=\"elementor-container elementor-column-gap-default\">\n\t\t\t\t\t<div class=\"elementor-column elementor-col-100 elementor-top-column elementor-element elementor-element-23f8fb6\" data-id=\"23f8fb6\" data-element_type=\"column\">\n\t\t\t<div class=\"elementor-widget-wrap elementor-element-populated\">\n\t\t\t\t\t\t<section class=\"elementor-section elementor-inner-section elementor-element elementor-element-245d117 elementor-section-boxed elementor-section-height-default elementor-section-height-default\" data-id=\"245d117\" data-element_type=\"section\">\n\t\t\t\t\t\t<div class=\"elementor-container elementor-column-gap-default\">\n\t\t\t\t\t<div class=\"elementor-column elementor-col-100 elementor-inner-column elementor-element elementor-element-267dcba\" data-id=\"267dcba\" data-element_type=\"column\">\n\t\t\t<div class=\"elementor-widget-wrap elementor-element-populated\">\n\t\t\t\t\t\t<div class=\"elementor-element elementor-element-31a68df elementor-widget elementor-widget-heading\" data-id=\"31a68df\" data-element_type=\"widget\" data-widget_type=\"heading.default\">\n\t\t\t\t<div class=\"elementor-widget-container\">\n\t\t\t\t\t<h2 class=\"elementor-heading-title elementor-size-default\">Pol\u00edtica de privacidad<\/h2>\t\t\t\t<\/div>\n\t\t\t\t<\/div>\n\t\t\t\t\t<\/div>\n\t\t<\/div>\n\t\t\t\t\t<\/div>\n\t\t<\/section>\n\t\t\t\t<div class=\"elementor-element elementor-element-4d3c973 elementor-widget elementor-widget-text-editor\" data-id=\"4d3c973\" data-element_type=\"widget\" data-widget_type=\"text-editor.default\">\n\t\t\t\t<div class=\"elementor-widget-container\">\n\t\t\t\t\t\t\t\t\t<p>Siguiendo los principios de licitud, lealtad, transparencia y responsabilidad proactiva establecidos en el Reglamento (UE) 2016\/679, General de Protecci\u00f3n de Datos (RGPD) y en la Ley Org\u00e1nica 3\/2018 de Protecci\u00f3n de Datos Personales y Garant\u00eda de los Derechos Digitales (LOPDGDD), ponemos a su disposici\u00f3n la presente Pol\u00edtica de Privacidad, actualizada y reforzada con el objetivo de proteger de forma rigurosa tanto sus datos personales como la integridad de la marca Tufotovideo\u00ae.<\/p><p style=\"text-align: right;\"><b>\u00a0<\/b><\/p><p style=\"text-align: right;\"><b>Responsable del Tratamiento: GUSTAVO DAVID GALV\u00c1N PEREYRA.<\/b><\/p><p style=\"text-align: right;\"><b>CIF:<\/b><span style=\"font-weight: 400;\">\u00a0<\/span><span style=\"font-weight: 400;\">04740692 R<\/span><span style=\"font-weight: 400;\"><br \/><\/span><b>Domicilio social:<\/b><span style=\"font-weight: 400;\">\u00a0Carretera de M\u00e1laga 104 Esc.1 3\u00aa CP18015 &#8211; Granada<\/span><span style=\"font-weight: 400;\"><br \/><\/span><b>Email:<\/b><span style=\"font-weight: 400;\"> info<\/span><span style=\"font-weight: 400;\">@tufotovideo.es<\/span><span style=\"font-weight: 400;\"><br \/><\/span><b>Tel\u00e9fono:<\/b><span style=\"font-weight: 400;\">\u00a0(+34) <\/span><span style=\"font-weight: 400;\">657 33 8356<\/span><\/p><p><b>\u00bfCon qu\u00e9 finalidad tratamos sus datos personales?<\/b><\/p><p><span style=\"font-weight: 400;\">En TUFOTOVIDEO.ES tratamos la informaci\u00f3n que nos facilita con la finalidad de gestionar la relaci\u00f3n contractual que nos une, gestionar el env\u00edo de la informaci\u00f3n que nos solicita, facilitar a los interesados ofertas de nuestros servicios y\/o productos de su inter\u00e9s.<\/span><\/p><ol><li>Gesti\u00f3n contractual y precontractual.<\/li><li>Comunicaci\u00f3n profesional.<\/li><li>Marketing leg\u00edtimo con consentimiento expreso.<\/li><li>Prevenci\u00f3n de fraudes y suplantaciones.<\/li><li>Protecci\u00f3n de marca y derechos de autor.<\/li><\/ol><p>\u00a0<\/p><p><b>\u00bfCu\u00e1l es la legitimaci\u00f3n para el tratamiento de sus datos?<\/b><\/p><p><span style=\"font-weight: 400;\">La base legal para el tratamiento de sus datos personales puede ser la ejecuci\u00f3n de una relaci\u00f3n contractual potencial y\/o suscrita, el inter\u00e9s leg\u00edtimo, la habilitaci\u00f3n legal y\/o el consentimiento del propio interesado. Los datos que le solicitamos son adecuados, pertinentes y estrictamente necesarios y en ning\u00fan caso est\u00e1 obligado a facilit\u00e1rnoslos, pero su no comunicaci\u00f3n podr\u00e1 afectar a la finalidad del servicio o la imposibilidad de prestarlo.<\/span><\/p><ul><li style=\"font-weight: 400;\" aria-level=\"1\"><span style=\"font-weight: 400;\">RGPD: 6.1.b) Tratamiento necesario para la ejecuci\u00f3n de un contrato en el que el interesado es parte o para la aplicaci\u00f3n a petici\u00f3n de \u00e9ste de medidas precontractuales.<\/span><\/li><li style=\"font-weight: 400;\" aria-level=\"1\"><span style=\"font-weight: 400;\">RGPD: 6.1.c) Tratamiento necesario para el cumplimiento de una obligaci\u00f3n legal aplicable al responsable del tratamiento.<\/span><\/li><li style=\"font-weight: 400;\" aria-level=\"1\"><span style=\"font-weight: 400;\">RGPD: 6.1.e) Tratamiento necesario para el cumplimiento de una misi\u00f3n realizada en inter\u00e9s p\u00fablico o en el ejercicio de poderes p\u00fablicos conferidos al responsable del tratamiento.<\/span><\/li><li aria-level=\"1\">RGPD art. 6.1.f) Inter\u00e9s leg\u00edtimo en seguridad y protecci\u00f3n de la marca.<\/li><li aria-level=\"1\">Consentimiento expreso y verificable.<\/li><li style=\"font-weight: 400;\" aria-level=\"1\"><span style=\"font-weight: 400;\">Reglamento General de Protecci\u00f3n de Datos.<\/span><\/li><\/ul><p><b>\u00bfPor cu\u00e1nto tiempo conservaremos sus datos personales?<\/b><\/p><p><span style=\"font-weight: 400;\">Los datos personales proporcionados se conservar\u00e1n durante el tiempo necesario para cumplir con la finalidad para la que se recaban y para determinar las posibles responsabilidades que se pudieran derivar de la finalidad. Durante plazos legales fiscales y hasta que prescriban acciones legales.<\/span><\/p><p><b>\u00bfA qu\u00e9 destinatarios se comunicar\u00e1n sus datos?<\/b><\/p><p><span style=\"font-weight: 400;\">TUFOTOVIDEO.ES no comunicar\u00e1 sus datos a ning\u00fan tercero, salvo que preste su consentimiento expreso o en cumplimiento de una obligaci\u00f3n legal, entre las que pueden estar las comunicaciones al Defensor del Pueblo, Jueces y Tribunales, interesados en los procedimientos relacionados con las reclamaciones presentadas.<\/span><\/p><p><b>Encargados de Tratamiento &#8211; Email Marketing<\/b><\/p><p>Para el env\u00edo de comunicaciones comerciales y newsletters, Tufotovideo\u00ae utiliza la plataforma CleverReach GmbH &amp; Co. KG, con domicilio en Alemania (M\u00fchlenstr. 43, 26180 Rastede), empresa certificada bajo los m\u00e1s altos est\u00e1ndares de seguridad y plenamente adaptada al RGPD.<\/p><p>El tratamiento de datos por CleverReach se realiza \u00fanicamente por encargo de Tufotovideo\u00ae, garantizando la confidencialidad y seguridad de los mismos, conforme al contrato de encargado de tratamiento suscrito en aplicaci\u00f3n del art\u00edculo 28 RGPD.<\/p><p>En ning\u00fan caso CleverReach utilizar\u00e1 los datos para finalidades propias ni los ceder\u00e1 a terceros.<\/p><p><b>\u00bfCu\u00e1les son sus derechos cuando nos facilita sus datos?<\/b><\/p><p><span style=\"font-weight: 400;\">Cualquier persona tiene derecho a obtener confirmaci\u00f3n sobre los tratamientos que de sus datos se llevan a cabo por<\/span><span style=\"font-weight: 400;\"> TUFOTOVIDEO.ES.\u00a0<\/span><\/p><p><span style=\"font-weight: 400;\">Puede ejercer sus derechos de acceso, rectificaci\u00f3n, supresi\u00f3n y portabilidad de sus datos, de limitaci\u00f3n y oposici\u00f3n a su tratamiento, as\u00ed como a no ser objeto de decisiones basadas \u00fanicamente en el tratamiento automatizado de sus datos, cuando procedan, mediante comunicado a: <\/span><\/p><p>info@tufotovideo.es o en Carretera de M\u00e1laga 104, Esc.1, 3\u00aa, 18015 \u2013 Granada.<\/p><p><span style=\"font-weight: 400;\">Agencia Espa\u00f1ola de Protecci\u00f3n de Datos <\/span><a href=\"http:\/\/www.aepd.es\"><span style=\"font-weight: 400;\">www.aepd.es<\/span><\/a><span style=\"font-weight: 400;\">, C\/Jorge Juan, 6, 28001- Madrid o en la direcci\u00f3n de correo electr\u00f3nico dpd@agpd.es<\/span><\/p><p><b>He sido correctamente informado del tratamiento de sus datos y doy mi consentimiento para la prestaci\u00f3n del servicio.<\/b><\/p><p><b>\u00bfPuedo retirar el consentimiento?<\/b><\/p><p><span style=\"font-weight: 400;\">Usted tiene la posibilidad y el derecho a retirar el consentimiento para cualquiera finalidad espec\u00edfica otorgada en su momento, sin que ello afecte a la licitud del tratamiento basado en el consentimiento previo a su retirada.<\/span><\/p><p><b>\u00bfD\u00f3nde puedo reclamar en caso de que considere que no se tratan mis datos correctamente?<\/b><\/p><p><span style=\"font-weight: 400;\">Si alg\u00fan interesado considera que sus datos no son tratados correctamente por<\/span><\/p><p><span style=\"font-weight: 400;\">Gustavo David Galv\u00e1n Pereyra, puede dirigir sus reclamaciones \u00a0v\u00eda email a: <a href=\"mailto:info@tufotovideo.es\">info@tufotovideo.es<\/a><\/span><span style=\"font-weight: 400;\"> o a la autoridad de protecci\u00f3n de datos que corresponda, siendo la AEPD la indicada en el territorio nacional, <\/span><a href=\"http:\/\/www.aepd.es\"><span style=\"font-weight: 400;\">www.aepd.es<\/span><\/a><\/p><p><b>Seguridad y actualizaci\u00f3n de sus datos personales<\/b><\/p><p><span style=\"font-weight: 400;\">Con el objetivo de salvaguardar la seguridad de sus datos personales, le informamos que Gustavo David Galv\u00e1n Pereyra ha adoptado todas las medidas de \u00edndole t\u00e9cnica y organizativa necesarias para garantizar la seguridad de los datos personales suministrados. Todo ello para evitar su alteraci\u00f3n, p\u00e9rdida, y\/o tratamientos o accesos no autorizados, tal como exige la normativa vigente.<\/span><\/p><p><strong>MEDIDAS DE SEGURIDAD<\/strong><\/p><p>&#8211; Cifrado SSL y encriptaci\u00f3n de datos sensibles.<\/p><p>&#8211; Control de accesos restringidos y auditor\u00edas peri\u00f3dicas.<\/p><p>&#8211; Copias de seguridad protegidas y protocolos de recuperaci\u00f3n.<\/p><p>&#8211; Cl\u00e1usulas de confidencialidad para empleados y colaboradores.<\/p><p>El acceso indebido o manipulaci\u00f3n ser\u00e1 denunciado y perseguido legalmente.<\/p><p><b>Confidencialidad<\/b><\/p><p><span style=\"font-weight: 400;\">Gustavo David Galv\u00e1n Pereyra, le informa que sus datos ser\u00e1n tratados con el m\u00e1ximo celo y confidencialidad por todo el personal que intervenga en cualquiera de las fases del tratamiento. No cederemos ni comunicaremos a ning\u00fan tercero sus datos, excepto en los casos legalmente previstos, o salvo que el interesado nos hubiera autorizado expresamente.<\/span><\/p><p><b>Propiedad intelectual e industrial<\/b><\/p><p><span style=\"font-weight: 400;\">El dise\u00f1o del portal y sus c\u00f3digos fuente, as\u00ed como los logos, marcas y dem\u00e1s signos distintivos que aparecen en el mismo pertenecen a\u00a0 Gustavo David Galv\u00e1n Pereyra y est\u00e1n protegidos por los correspondientes derechos de propiedad intelectual e industrial.<\/span><\/p><p><span style=\"font-weight: 400;\">Los dise\u00f1os, logotipos, texto y\/o gr\u00e1ficos ajenos al responsable y que pudieran aparecer en el sitio web, pertenecen a sus respectivos propietarios, siendo ellos mismos responsables de cualquier posible controversia que pudiera suscitarse respecto a los mismos. El responsable reconoce a favor de sus titulares los correspondientes derechos de propiedad intelectual e industrial, no implicando su sola menci\u00f3n o aparici\u00f3n en el sitio web la existencia de derechos o responsabilidad alguna sobre los mismos, como tampoco respaldo, patrocinio o recomendaci\u00f3n por parte del mismo. Para realizar cualquier tipo de observaci\u00f3n respecto a posibles incumplimientos de los derechos de propiedad intelectual o industrial, as\u00ed como sobre cualquiera de los contenidos del sitio web, puede hacerlo a trav\u00e9s del correo electr\u00f3nico <a href=\"mailto:info@tufotovideo.es\">info@tufotovideo.es<\/a> a la siguiente direcci\u00f3n postal: Carretera de M\u00e1laga 104 Esc.1 3A (Granada).<\/span><\/p><p>Todos los contenidos, marcas, logotipos, dise\u00f1os, textos, im\u00e1genes y software son propiedad exclusiva de Tufotovideo\u00ae.<\/p><p>El uso no autorizado, reproducci\u00f3n o manipulaci\u00f3n ser\u00e1 perseguido legalmente.<\/p><p><strong><em>\u00abCualquier intento de suplantaci\u00f3n, falsificaci\u00f3n de identidad o difamaci\u00f3n contra la marca Tufotovideo\u00ae ser\u00e1 considerado il\u00edcito.\u00bb<\/em><\/strong><\/p><p><b>Responsabilidad de los contenidos<\/b><\/p><p><span style=\"font-weight: 400;\">Gustavo David Galv\u00e1n Pereyra no se hace responsable de la legalidad de otros sitios web de terceros desde los que pueda accederse al portal. La empresa tampoco responde por la legalidad de otros sitios web de terceros, que pudieran estar vinculados o enlazados desde este portal.<\/span><\/p><p><span style=\"font-weight: 400;\">Gustavo David Galv\u00e1n Pereyra se reserva el derecho a realizar cambios en el sitio web sin previo aviso, al objeto de mantener actualizada su informaci\u00f3n, a\u00f1adiendo, modificando, corrigiendo o eliminando\u00a0 los contenidos publicados o el dise\u00f1o del portal.<\/span><\/p>\t\t\t\t\t\t\t\t<\/div>\n\t\t\t\t<\/div>\n\t\t\t\t\t<\/div>\n\t\t<\/div>\n\t\t\t\t\t<\/div>\n\t\t<\/section>\n\t\t\t\t<\/div>","protected":false},"excerpt":{"rendered":"<p>Pol\u00edtica de privacidad Siguiendo los principios de licitud, lealtad, transparencia y responsabilidad proactiva establecidos en el Reglamento (UE) 2016\/679, General de Protecci\u00f3n de Datos (RGPD) y en la Ley Org\u00e1nica 3\/2018 de Protecci\u00f3n de Datos Personales y Garant\u00eda de los Derechos Digitales (LOPDGDD), ponemos a su disposici\u00f3n la presente Pol\u00edtica de Privacidad, actualizada y reforzada [&hellip;]<\/p>","protected":false},"author":1,"featured_media":0,"parent":0,"menu_order":8,"comment_status":"closed","ping_status":"closed","template":"","meta":{"_acf_changed":false,"_joinchat":[],"footnotes":""},"class_list":["post-179","page","type-page","status-publish","hentry"],"acf":[],"_links":{"self":[{"href":"https:\/\/tufotovideo.es\/en\/wp-json\/wp\/v2\/pages\/179","targetHints":{"allow":["GET"]}}],"collection":[{"href":"https:\/\/tufotovideo.es\/en\/wp-json\/wp\/v2\/pages"}],"about":[{"href":"https:\/\/tufotovideo.es\/en\/wp-json\/wp\/v2\/types\/page"}],"author":[{"embeddable":true,"href":"https:\/\/tufotovideo.es\/en\/wp-json\/wp\/v2\/users\/1"}],"replies":[{"embeddable":true,"href":"https:\/\/tufotovideo.es\/en\/wp-json\/wp\/v2\/comments?post=179"}],"version-history":[{"count":3,"href":"https:\/\/tufotovideo.es\/en\/wp-json\/wp\/v2\/pages\/179\/revisions"}],"predecessor-version":[{"id":2994,"href":"https:\/\/tufotovideo.es\/en\/wp-json\/wp\/v2\/pages\/179\/revisions\/2994"}],"wp:attachment":[{"href":"https:\/\/tufotovideo.es\/en\/wp-json\/wp\/v2\/media?parent=179"}],"curies":[{"name":"wp","href":"https:\/\/api.w.org\/{rel}","templated":true}]}}