{"id":184,"date":"2023-02-17T12:33:55","date_gmt":"2023-02-17T12:33:55","guid":{"rendered":"https:\/\/tufotovideo.es\/?page_id=184"},"modified":"2026-01-16T16:48:16","modified_gmt":"2026-01-16T16:48:16","slug":"politica-de-coockies","status":"publish","type":"page","link":"https:\/\/tufotovideo.es\/en\/politica-de-coockies\/","title":{"rendered":"Pol\u00edtica de Coockies"},"content":{"rendered":"<div data-elementor-type=\"wp-page\" data-elementor-id=\"184\" class=\"elementor elementor-184\" data-elementor-post-type=\"page\">\n\t\t\t\t\t\t<section class=\"elementor-section elementor-top-section elementor-element elementor-element-2bc5b9d elementor-section-boxed elementor-section-height-default elementor-section-height-default\" data-id=\"2bc5b9d\" data-element_type=\"section\" data-e-type=\"section\" data-settings=\"{&quot;background_background&quot;:&quot;classic&quot;}\">\n\t\t\t\t\t\t<div class=\"elementor-container elementor-column-gap-default\">\n\t\t\t\t\t<div class=\"elementor-column elementor-col-100 elementor-top-column elementor-element elementor-element-db6392a\" data-id=\"db6392a\" data-element_type=\"column\" data-e-type=\"column\">\n\t\t\t<div class=\"elementor-widget-wrap elementor-element-populated\">\n\t\t\t\t\t\t<section class=\"elementor-section elementor-inner-section elementor-element elementor-element-4facb63 elementor-section-boxed elementor-section-height-default elementor-section-height-default\" data-id=\"4facb63\" data-element_type=\"section\" data-e-type=\"section\">\n\t\t\t\t\t\t<div class=\"elementor-container elementor-column-gap-default\">\n\t\t\t\t\t<div class=\"elementor-column elementor-col-100 elementor-inner-column elementor-element elementor-element-3ef3e53\" data-id=\"3ef3e53\" data-element_type=\"column\" data-e-type=\"column\">\n\t\t\t<div class=\"elementor-widget-wrap elementor-element-populated\">\n\t\t\t\t\t\t<div class=\"elementor-element elementor-element-5d4d8d6 elementor-widget elementor-widget-heading\" data-id=\"5d4d8d6\" data-element_type=\"widget\" data-e-type=\"widget\" data-widget_type=\"heading.default\">\n\t\t\t\t<div class=\"elementor-widget-container\">\n\t\t\t\t\t<h2 class=\"elementor-heading-title elementor-size-default\">Cookies Policy\n<\/h2>\t\t\t\t<\/div>\n\t\t\t\t<\/div>\n\t\t\t\t\t<\/div>\n\t\t<\/div>\n\t\t\t\t\t<\/div>\n\t\t<\/section>\n\t\t\t\t<div class=\"elementor-element elementor-element-6de5475 elementor-widget elementor-widget-text-editor\" data-id=\"6de5475\" data-element_type=\"widget\" data-e-type=\"widget\" data-widget_type=\"text-editor.default\">\n\t\t\t\t<div class=\"elementor-widget-container\">\n\t\t\t\t\t\t\t\t\t<h4><strong>I. What are cookies?<\/strong><\/h4><p>Cookies are small text files that are downloaded and stored on the user's device (computer, smartphone, tablet, etc.) when accessing certain web pages.<\/p><p>Cookies allow the storage and retrieval of information about the user's browsing habits and, depending on the information they contain, can be used to recognize the user.<\/p><h4>II. Types of cookies used<\/h4><p>The website https:\/\/tufotovideo.es\/ uses the following categories of cookies:<\/p><ul><li>Technical cookies (necessary): allow navigation and use of the different options or services of the Website.<\/li><li>Personalization cookies: These allow you to remember information to access predefined features (e.g., language).<\/li><li>Analysis cookies: These allow the tracking and analysis of user behavior.<\/li><li>Advertising cookies: These allow you to manage advertising spaces effectively.<\/li><li>Third-party cookies: external services that collect information for statistical or interaction purposes.<\/li><\/ul><h4>III. Cookies used on this site<\/h4><p>This Website uses:<\/p><ul><li>Google Analytics (Google Inc.): statistical analysis of the use of the Website.<\/li><li>CleverReach (CleverReach GmbH &amp; Co. KG, Germany): tracking of email marketing campaigns (open rates, engagement).<\/li><li>Social networks (Facebook, Instagram, YouTube, TikTok, etc.): may install cookies when sharing content.<\/li><\/ul><h4>IV. Legitimation for the use of cookies<\/h4><p>The legal basis is the user's express and informed consent, requested through a banner visible upon first accessing the Website.<\/p><p>The user can accept, reject or configure cookies at any time through the enabled panel.<\/p><h4>V. Deactivation, deletion and revocation of consent<\/h4><p>The user can disable or delete cookies by configuring their browser. Help links:<\/p><ul><li>Chrome: https:\/\/support.google.com\/chrome\/answer\/95647<\/li><li>Firefox: https:\/\/support.mozilla.org\/es\/kb\/Borrar%20cookies<\/li><li>Safari: https:\/\/support.apple.com\/es-es\/guide\/safari\/sfri11471\/mac<\/li><li>Edge: https:\/\/support.microsoft.com\/es-es\/microsoft-edge\/eliminar-cookies-en-microsoft-edge-63947406-40ac-c3b8-57b9-2a946a29ae09<\/li><\/ul><p>Consent can be revoked at any time from the Website's cookie settings panel.<\/p><h4>VI. Update of the cookie policy<\/h4><p>Tufotovideo\u00ae may modify this Cookie Policy based on legal requirements or to adapt to guidelines from the Spanish Data Protection Agency (AEPD).<\/p><p>Significant changes will be communicated to the user by means of a notice on the Website.<\/p>\t\t\t\t\t\t\t\t<\/div>\n\t\t\t\t<\/div>\n\t\t\t\t\t<\/div>\n\t\t<\/div>\n\t\t\t\t\t<\/div>\n\t\t<\/section>\n\t\t\t\t<\/div>","protected":false},"excerpt":{"rendered":"<p>Pol\u00edtica Cookies I. \u00bfQu\u00e9 son las cookies? Las cookies son peque\u00f1os archivos de texto que se descargan y almacenan en el dispositivo del usuario (ordenador, smartphone, tablet, etc.) al acceder a determinadas p\u00e1ginas web. Las cookies permiten almacenar y recuperar informaci\u00f3n sobre los h\u00e1bitos de navegaci\u00f3n del usuario y, en funci\u00f3n de la informaci\u00f3n que [&hellip;]<\/p>\n","protected":false},"author":1,"featured_media":0,"parent":0,"menu_order":7,"comment_status":"closed","ping_status":"closed","template":"","meta":{"_acf_changed":false,"_joinchat":[],"footnotes":""},"class_list":["post-184","page","type-page","status-publish","hentry"],"acf":[],"_links":{"self":[{"href":"https:\/\/tufotovideo.es\/en\/wp-json\/wp\/v2\/pages\/184","targetHints":{"allow":["GET"]}}],"collection":[{"href":"https:\/\/tufotovideo.es\/en\/wp-json\/wp\/v2\/pages"}],"about":[{"href":"https:\/\/tufotovideo.es\/en\/wp-json\/wp\/v2\/types\/page"}],"author":[{"embeddable":true,"href":"https:\/\/tufotovideo.es\/en\/wp-json\/wp\/v2\/users\/1"}],"replies":[{"embeddable":true,"href":"https:\/\/tufotovideo.es\/en\/wp-json\/wp\/v2\/comments?post=184"}],"version-history":[{"count":3,"href":"https:\/\/tufotovideo.es\/en\/wp-json\/wp\/v2\/pages\/184\/revisions"}],"predecessor-version":[{"id":3001,"href":"https:\/\/tufotovideo.es\/en\/wp-json\/wp\/v2\/pages\/184\/revisions\/3001"}],"wp:attachment":[{"href":"https:\/\/tufotovideo.es\/en\/wp-json\/wp\/v2\/media?parent=184"}],"curies":[{"name":"wp","href":"https:\/\/api.w.org\/{rel}","templated":true}]}}