{"id":858,"date":"2023-05-30T08:52:02","date_gmt":"2023-05-30T08:52:02","guid":{"rendered":"https:\/\/tufotovideo.es\/?page_id=858"},"modified":"2026-01-16T16:48:39","modified_gmt":"2026-01-16T16:48:39","slug":"aviso-legal","status":"publish","type":"page","link":"https:\/\/tufotovideo.es\/en\/aviso-legal\/","title":{"rendered":"Aviso legal"},"content":{"rendered":"<div data-elementor-type=\"wp-page\" data-elementor-id=\"858\" class=\"elementor elementor-858\" data-elementor-post-type=\"page\">\n\t\t\t\t\t\t<section class=\"elementor-section elementor-top-section elementor-element elementor-element-57d1757 elementor-section-boxed elementor-section-height-default elementor-section-height-default\" data-id=\"57d1757\" data-element_type=\"section\" data-settings=\"{&quot;background_background&quot;:&quot;classic&quot;}\">\n\t\t\t\t\t\t<div class=\"elementor-container elementor-column-gap-default\">\n\t\t\t\t\t<div class=\"elementor-column elementor-col-100 elementor-top-column elementor-element elementor-element-1377098\" data-id=\"1377098\" data-element_type=\"column\">\n\t\t\t<div class=\"elementor-widget-wrap elementor-element-populated\">\n\t\t\t\t\t\t<section class=\"elementor-section elementor-inner-section elementor-element elementor-element-7bcfeeb elementor-section-boxed elementor-section-height-default elementor-section-height-default\" data-id=\"7bcfeeb\" data-element_type=\"section\">\n\t\t\t\t\t\t<div class=\"elementor-container elementor-column-gap-default\">\n\t\t\t\t\t<div class=\"elementor-column elementor-col-100 elementor-inner-column elementor-element elementor-element-cfc8099\" data-id=\"cfc8099\" data-element_type=\"column\">\n\t\t\t<div class=\"elementor-widget-wrap elementor-element-populated\">\n\t\t\t\t\t\t<div class=\"elementor-element elementor-element-3204641 elementor-widget elementor-widget-heading\" data-id=\"3204641\" data-element_type=\"widget\" data-widget_type=\"heading.default\">\n\t\t\t\t<div class=\"elementor-widget-container\">\n\t\t\t\t\t<h2 class=\"elementor-heading-title elementor-size-default\">AVISO LEGAL\n<\/h2>\t\t\t\t<\/div>\n\t\t\t\t<\/div>\n\t\t\t\t\t<\/div>\n\t\t<\/div>\n\t\t\t\t\t<\/div>\n\t\t<\/section>\n\t\t\t\t<section class=\"elementor-section elementor-inner-section elementor-element elementor-element-2560f66 elementor-section-boxed elementor-section-height-default elementor-section-height-default\" data-id=\"2560f66\" data-element_type=\"section\">\n\t\t\t\t\t\t<div class=\"elementor-container elementor-column-gap-default\">\n\t\t\t\t\t<div class=\"elementor-column elementor-col-100 elementor-inner-column elementor-element elementor-element-b496ef8\" data-id=\"b496ef8\" data-element_type=\"column\">\n\t\t\t<div class=\"elementor-widget-wrap elementor-element-populated\">\n\t\t\t\t\t\t<div class=\"elementor-element elementor-element-3d34cb1 elementor-widget elementor-widget-text-editor\" data-id=\"3d34cb1\" data-element_type=\"widget\" data-widget_type=\"text-editor.default\">\n\t\t\t\t<div class=\"elementor-widget-container\">\n\t\t\t\t\t\t\t\t\t<header class=\"text-center\"><h4>I. INFORMACI\u00d3N GENERAL<\/h4><\/header><div><p>En cumplimiento con el deber de informaci\u00f3n dispuesto en la Ley 34\/2002 de Servicios de la Sociedad de la Informaci\u00f3n y del Comercio Electr\u00f3nico (LSSI-CE) de 11 de julio, as\u00ed como de la normativa complementaria aplicable, se facilitan los siguientes datos:<\/p><p class=\"\">La titularidad de este sitio web,\u00a0<span class=\"blanc-space ng-binding\">https:\/\/tufotovideo.es\/<\/span>, (en adelante, Sitio Web) la ostenta:\u00a0<span class=\"blanc-space ng-binding\">GUSTAVO DAVID GALV\u00c1N PEREYRA<\/span>, con NIF:\u00a0<span class=\"blanc-space ng-binding\">04740692R<\/span>, y cuyos datos de contacto son:<\/p><p>Direcci\u00f3n:\u00a0<span class=\"blanc-space ng-binding\">Carretera de M\u00e1laga 104 Esc.1 3\u00aa CP18015 &#8211; Granada<\/span><\/p><p>Tel\u00e9fono de contacto:\u00a0<span class=\"blanc-space ng-binding\">657 33 83 56<\/span><\/p><p>Email de contacto:\u00a0<span class=\"blanc-space ng-binding\">Info@tufotovideo.es<\/span><\/p><h4>\u00a0II. T\u00c9RMINOS Y CONDICIONES GENERALES DE USO<\/h4><p>El presente Aviso Legal regula el acceso, navegaci\u00f3n y uso del sitio web Tufotovideo.es y tufotovideo.com (en adelante, el \u201cSitio Web\u201d), as\u00ed como las responsabilidades derivadas de la utilizaci\u00f3n de sus contenidos y servicios.<\/p><p>El acceso al Sitio Web es gratuito para los usuarios, salvo el coste de conexi\u00f3n a Internet de su proveedor. El uso de determinados servicios podr\u00e1 requerir registro o suscripci\u00f3n previa.<\/p><p>El Usuario declara ser mayor de edad y disponer de la capacidad jur\u00eddica suficiente para aceptar estas Condiciones. Este Sitio Web no se dirige a menores de edad.<\/p><p>El Usuario se compromete a:<\/p><ol><li>No utilizar el Sitio Web con fines il\u00edcitos, fraudulentos o contrarios al orden p\u00fablico.<\/li><li>No difundir contenidos falsos, difamatorios o que perjudiquen la imagen de Tufotovideo\u00ae o de terceros.<\/li><li>No realizar scraping, miner\u00eda de datos, ingenier\u00eda inversa o clonaci\u00f3n del sitio web.<\/li><li>Proporcionar informaci\u00f3n veraz en los formularios habilitados.<\/li><\/ol><h4>\u00a0III. ACCESO Y NAVEGACI\u00d3N EN EL SITIO WEB: EXCLUSI\u00d3N DE GARANT\u00cdAS Y RESPONSABILIDAD<\/h4><p>Tufotovideo\u00ae no garantiza la disponibilidad, continuidad ni ausencia de errores en el Sitio Web. Se adoptar\u00e1n medidas para corregir incidencias t\u00e9cnicas, pero no se asegura que el Sitio Web est\u00e9 libre de virus o elementos da\u00f1inos.<\/p><p>El Usuario asume toda responsabilidad por los da\u00f1os derivados de un uso indebido del Sitio Web. Tufotovideo\u00ae queda exonerada de responsabilidad por ca\u00eddas, interrupciones o defectos de telecomunicaciones.<\/p><h4>IV. POLITICA DE ENLACES<\/h4><p>El Sitio Web puede contener enlaces a p\u00e1ginas de terceros con el \u00fanico fin de facilitar el acceso a informaci\u00f3n. No implica recomendaci\u00f3n ni aprobaci\u00f3n de contenidos.<\/p><p>Tufotovideo\u00ae no asume responsabilidad por la informaci\u00f3n o servicios de sitios enlazados. Queda prohibida la creaci\u00f3n de hiperv\u00ednculos al Sitio Web sin autorizaci\u00f3n previa por escrito.<\/p><h4>V.PROPIEDAD INTELECTUAL E INDUSTRIAL<\/h4><p>Todos los contenidos del Sitio Web (textos, im\u00e1genes, logotipos, marcas, dise\u00f1o gr\u00e1fico, software y c\u00f3digo fuente) son propiedad exclusiva de Tufotovideo\u00ae o de sus leg\u00edtimos titulares, protegidos por la normativa nacional e internacional de Propiedad Intelectual e Industrial.<\/p><p>Est\u00e1 prohibida la reproducci\u00f3n, distribuci\u00f3n, comunicaci\u00f3n p\u00fablica, transformaci\u00f3n o explotaci\u00f3n de cualquier contenido sin autorizaci\u00f3n expresa y por escrito de Tufotovideo\u00ae. El uso no autorizado dar\u00e1 lugar a reclamaciones por da\u00f1os y perjuicios.<\/p><p>Cualquier intento de plagio, manipulaci\u00f3n, falsificaci\u00f3n de marca o suplantaci\u00f3n de identidad ser\u00e1 perseguido por las v\u00edas civil y penal.<\/p><h4>VI. POLITICA DE ENLACES<\/h4><p>Tufotovideo\u00ae se reserva el derecho a iniciar acciones civiles y penales en caso de uso indebido del Sitio Web, de sus contenidos o del incumplimiento de estas Condiciones.<\/p><p>La relaci\u00f3n entre el Usuario y Tufotovideo\u00ae se regir\u00e1 por la legislaci\u00f3n espa\u00f1ola. Cualquier controversia ser\u00e1 sometida a los Juzgados y Tribunales de Granada (Espa\u00f1a), con renuncia expresa a cualquier otro fuero que pudiera corresponder al Usuario.<\/p><\/div>\t\t\t\t\t\t\t\t<\/div>\n\t\t\t\t<\/div>\n\t\t\t\t\t<\/div>\n\t\t<\/div>\n\t\t\t\t\t<\/div>\n\t\t<\/section>\n\t\t\t\t\t<\/div>\n\t\t<\/div>\n\t\t\t\t\t<\/div>\n\t\t<\/section>\n\t\t\t\t<\/div>","protected":false},"excerpt":{"rendered":"<p>AVISO LEGAL I. INFORMACI\u00d3N GENERAL En cumplimiento con el deber de informaci\u00f3n dispuesto en la Ley 34\/2002 de Servicios de la Sociedad de la Informaci\u00f3n y del Comercio Electr\u00f3nico (LSSI-CE) de 11 de julio, as\u00ed como de la normativa complementaria aplicable, se facilitan los siguientes datos: La titularidad de este sitio web,\u00a0https:\/\/tufotovideo.es\/, (en adelante, Sitio [&hellip;]<\/p>","protected":false},"author":1,"featured_media":0,"parent":0,"menu_order":8,"comment_status":"closed","ping_status":"closed","template":"","meta":{"_acf_changed":false,"_joinchat":[],"footnotes":""},"class_list":["post-858","page","type-page","status-publish","hentry"],"acf":[],"_links":{"self":[{"href":"https:\/\/tufotovideo.es\/en\/wp-json\/wp\/v2\/pages\/858","targetHints":{"allow":["GET"]}}],"collection":[{"href":"https:\/\/tufotovideo.es\/en\/wp-json\/wp\/v2\/pages"}],"about":[{"href":"https:\/\/tufotovideo.es\/en\/wp-json\/wp\/v2\/types\/page"}],"author":[{"embeddable":true,"href":"https:\/\/tufotovideo.es\/en\/wp-json\/wp\/v2\/users\/1"}],"replies":[{"embeddable":true,"href":"https:\/\/tufotovideo.es\/en\/wp-json\/wp\/v2\/comments?post=858"}],"version-history":[{"count":3,"href":"https:\/\/tufotovideo.es\/en\/wp-json\/wp\/v2\/pages\/858\/revisions"}],"predecessor-version":[{"id":2998,"href":"https:\/\/tufotovideo.es\/en\/wp-json\/wp\/v2\/pages\/858\/revisions\/2998"}],"wp:attachment":[{"href":"https:\/\/tufotovideo.es\/en\/wp-json\/wp\/v2\/media?parent=858"}],"curies":[{"name":"wp","href":"https:\/\/api.w.org\/{rel}","templated":true}]}}