{"id":867,"date":"2023-05-30T09:37:12","date_gmt":"2023-05-30T09:37:12","guid":{"rendered":"https:\/\/tufotovideo.es\/?page_id=867"},"modified":"2024-03-26T19:12:00","modified_gmt":"2024-03-26T19:12:00","slug":"mapa-del-sitio","status":"publish","type":"page","link":"https:\/\/tufotovideo.es\/en\/mapa-del-sitio\/","title":{"rendered":"Site map"},"content":{"rendered":"<div data-elementor-type=\"wp-page\" data-elementor-id=\"867\" class=\"elementor elementor-867\" data-elementor-post-type=\"page\">\n\t\t\t\t\t\t<section class=\"elementor-section elementor-top-section elementor-element elementor-element-7b7fd53 elementor-section-boxed elementor-section-height-default elementor-section-height-default\" data-id=\"7b7fd53\" data-element_type=\"section\" data-e-type=\"section\">\n\t\t\t\t\t\t<div class=\"elementor-container elementor-column-gap-default\">\n\t\t\t\t\t<div class=\"elementor-column elementor-col-100 elementor-top-column elementor-element elementor-element-eb630e8\" data-id=\"eb630e8\" data-element_type=\"column\" data-e-type=\"column\">\n\t\t\t<div class=\"elementor-widget-wrap elementor-element-populated\">\n\t\t\t\t\t\t<div class=\"elementor-element elementor-element-fbc1d94 elementor-widget elementor-widget-heading\" data-id=\"fbc1d94\" data-element_type=\"widget\" data-e-type=\"widget\" data-widget_type=\"heading.default\">\n\t\t\t\t<div class=\"elementor-widget-container\">\n\t\t\t\t\t<h1 class=\"elementor-heading-title elementor-size-default\">Site map<\/h1>\t\t\t\t<\/div>\n\t\t\t\t<\/div>\n\t\t\t\t<div class=\"elementor-element elementor-element-e7a5c37 elementor-widget elementor-widget-sitemap\" data-id=\"e7a5c37\" data-element_type=\"widget\" data-e-type=\"widget\" data-widget_type=\"sitemap.default\">\n\t\t\t\t<div class=\"elementor-widget-container\">\n\t\t\t\t\t<div class=\"elementor-sitemap-wrap\"><div class=\"elementor-sitemap-section\"><h2 class=\"elementor-sitemap-title elementor-sitemap-page-title\">P\u00e1ginas<\/h2><ul class=\"elementor-sitemap-list elementor-sitemap-page-list\"><li class=\"elementor-sitemap-item elementor-sitemap-item-page page_item page-item-2602\"><a href=\"https:\/\/tufotovideo.es\/en\/terminos-y-condiciones\/\">T\u00e9rminos y condiciones<\/a><\/li><li class=\"elementor-sitemap-item elementor-sitemap-item-page page_item page-item-2390\"><a href=\"https:\/\/tufotovideo.es\/en\/comuniones\/\">Communions<\/a><\/li><li class=\"elementor-sitemap-item elementor-sitemap-item-page page_item page-item-2546\"><a href=\"https:\/\/tufotovideo.es\/en\/fotografia-y-video-marketing-para-empresas\/\">Marketing<\/a><\/li><li class=\"elementor-sitemap-item elementor-sitemap-item-page page_item page-item-2638\"><a href=\"https:\/\/tufotovideo.es\/en\/\">Home<\/a><\/li><li class=\"elementor-sitemap-item elementor-sitemap-item-page page_item page-item-745\"><a href=\"https:\/\/tufotovideo.es\/en\/fotografia-y-video-de-bodas-en-granada\/\">Wedding<\/a><\/li><li class=\"elementor-sitemap-item elementor-sitemap-item-page page_item page-item-37\"><a href=\"https:\/\/tufotovideo.es\/en\/servicios\/\">Servicios<\/a><\/li><li class=\"elementor-sitemap-item elementor-sitemap-item-page page_item page-item-39\"><a href=\"https:\/\/tufotovideo.es\/en\/quienes-somos\/\">Who We Are<\/a><\/li><li class=\"elementor-sitemap-item elementor-sitemap-item-page page_item page-item-1240\"><a href=\"https:\/\/tufotovideo.es\/en\/recomendaciones\/\">Recomendaciones<\/a><\/li><li class=\"elementor-sitemap-item elementor-sitemap-item-page page_item page-item-43\"><a href=\"https:\/\/tufotovideo.es\/en\/contacto\/\">Contact<\/a><\/li><li class=\"elementor-sitemap-item elementor-sitemap-item-page page_item page-item-141 current_page_parent\"><a href=\"https:\/\/tufotovideo.es\/en\/blog\/\">Blog<\/a><\/li><li class=\"elementor-sitemap-item elementor-sitemap-item-page page_item page-item-454\"><a href=\"https:\/\/tufotovideo.es\/en\/galeria\/\">Galer\u00eda<\/a><\/li><li class=\"elementor-sitemap-item elementor-sitemap-item-page page_item page-item-184\"><a href=\"https:\/\/tufotovideo.es\/en\/politica-de-coockies\/\">Pol\u00edtica de Coockies<\/a><\/li><li class=\"elementor-sitemap-item elementor-sitemap-item-page page_item page-item-858\"><a href=\"https:\/\/tufotovideo.es\/en\/aviso-legal\/\">Aviso legal<\/a><\/li><li class=\"elementor-sitemap-item elementor-sitemap-item-page page_item page-item-179\"><a href=\"https:\/\/tufotovideo.es\/en\/politica-de-privacidad\/\">Pol\u00edtica de privacidad<\/a><\/li><li class=\"elementor-sitemap-item elementor-sitemap-item-page page_item page-item-867\"><a href=\"https:\/\/tufotovideo.es\/en\/mapa-del-sitio\/\">Site map<\/a><\/li><\/ul><\/div><div class=\"elementor-sitemap-section\"><h2 class=\"elementor-sitemap-title elementor-sitemap-post-title\">Categor\u00edas<\/h2><ul class=\"elementor-sitemap-list elementor-sitemap-post-list\"><li class=\"elementor-sitemap-item elementor-sitemap-item-post page_item page-item-1774\"><a href=\"https:\/\/tufotovideo.es\/en\/blog\/dia-internacional-del-beso\/\">D\u00eda Internacional del Beso<\/a><\/li><li class=\"elementor-sitemap-item elementor-sitemap-item-post page_item page-item-3152\"><a href=\"https:\/\/tufotovideo.es\/en\/blog\/ruben-dario-coletti-facilitador-en-constelaciones-familiares-y-coach-sistemico\/\">Rub\u00e9n Dar\u00edo Coletti \u2013 Facilitador en Constelaciones Familiares y Coach Sist\u00e9mico<\/a><\/li><li class=\"elementor-sitemap-item elementor-sitemap-item-post page_item page-item-3143\"><a href=\"https:\/\/tufotovideo.es\/en\/blog\/vip-nail-studio-en-la-zubia-manicura-y-pedicura-premium-con-experiencia-unica-de-relajacion\/\">VIP Nail Studio en La Zubia: manicura y pedicura premium con experiencia \u00fanica de relajaci\u00f3n<\/a><\/li><li class=\"elementor-sitemap-item elementor-sitemap-item-post page_item page-item-1814\"><a href=\"https:\/\/tufotovideo.es\/en\/blog\/bodas-con-drones-mavic-3-y-fpv-avata-2\/\">Bodas con Drones Mavic 3 y FPV Avata 2<\/a><\/li><li class=\"elementor-sitemap-item elementor-sitemap-item-post page_item page-item-1667\"><a href=\"https:\/\/tufotovideo.es\/en\/blog\/invitaciones-de-boda-de-manera-sencilla-y-elegante\/\">Invitaciones de Boda de Manera Sencilla y Elegante<\/a><\/li><li class=\"elementor-sitemap-item elementor-sitemap-item-post page_item page-item-1652\"><a href=\"https:\/\/tufotovideo.es\/en\/blog\/wedding-planners-en-tu-boda\/\">\u00bfWedding Planners en tu Boda?<\/a><\/li><li class=\"elementor-sitemap-item elementor-sitemap-item-post page_item page-item-1662\"><a href=\"https:\/\/tufotovideo.es\/en\/blog\/4-tendencias-de-videos-de-boda-preparate-para-emocionarte\/\">4 Tendencias de Videos de Boda: \u00a1Prep\u00e1rate para Emocionarte!<\/a><\/li><li class=\"elementor-sitemap-item elementor-sitemap-item-post page_item page-item-1656\"><a href=\"https:\/\/tufotovideo.es\/en\/blog\/luego-de-la-boda-nos-vamos-de-luna-de-miel\/\">Luego de la boda, \u00a1Nos vamos de Luna de Miel!<\/a><\/li><li class=\"elementor-sitemap-item elementor-sitemap-item-post page_item page-item-1604\"><a href=\"https:\/\/tufotovideo.es\/en\/blog\/fotografia-y-video-con-dron\/\">Fotograf\u00eda y Video con Dron<\/a><\/li><li class=\"elementor-sitemap-item elementor-sitemap-item-post page_item page-item-1599\"><a href=\"https:\/\/tufotovideo.es\/en\/blog\/capturando-momentos-inolvidables-fotografia-y-video-para-bodas\/\">Capturando Momentos Inolvidables: Fotograf\u00eda y Video para Bodas<\/a><\/li><li class=\"elementor-sitemap-item elementor-sitemap-item-post page_item page-item-1586\"><a href=\"https:\/\/tufotovideo.es\/en\/blog\/ideas-de-videos-de-boda-que-sorprenderan-a-todos-tus-invitados\/\">Ideas de v\u00eddeos de boda que sorprender\u00e1n a todos tus invitados<\/a><\/li><li class=\"elementor-sitemap-item elementor-sitemap-item-post page_item page-item-1582\"><a href=\"https:\/\/tufotovideo.es\/en\/blog\/ideas-imprescindibles-de-fotos-con-las-damas-de-honor-y-los-best-men-en-tu-boda\/\">Fotos con las damas de honor y los &#8216;best men&#8217; en tu boda<\/a><\/li><li class=\"elementor-sitemap-item elementor-sitemap-item-post page_item page-item-1566\"><a href=\"https:\/\/tufotovideo.es\/en\/blog\/same-day-edit-que-es-y-cuando-merece-la-pena\/\">Same day edit: Qu\u00e9 es y cu\u00e1ndo merece la pena<\/a><\/li><li class=\"elementor-sitemap-item elementor-sitemap-item-post page_item page-item-1560\"><a href=\"https:\/\/tufotovideo.es\/en\/blog\/videomaton-a-camara-super-lenta-para-bodas-y-otras-ideas-para-una-boda-divertida\/\">Videomat\u00f3n a c\u00e1mara s\u00faper lenta para bodas, y otras ideas para una boda divertida<\/a><\/li><li class=\"elementor-sitemap-item elementor-sitemap-item-post page_item page-item-1447\"><a href=\"https:\/\/tufotovideo.es\/en\/blog\/como-fotografiar-los-anillos-de-boda\/\">C\u00f3mo fotografiar los anillos de boda<\/a><\/li><li class=\"elementor-sitemap-item elementor-sitemap-item-post page_item page-item-1413\"><a href=\"https:\/\/tufotovideo.es\/en\/blog\/7-tips-para-que-tu-postboda-sea-espectacular\/\">7 tips para que tu postboda sea espectacular<\/a><\/li><li class=\"elementor-sitemap-item elementor-sitemap-item-post page_item page-item-1410\"><a href=\"https:\/\/tufotovideo.es\/en\/blog\/fotografias-de-boda-con-tus-padres-que-no-pueden-faltar-ideas-y-consejos\/\">Fotograf\u00edas de boda con tus padres que no pueden faltar: Ideas y consejos<\/a><\/li><li class=\"elementor-sitemap-item elementor-sitemap-item-post page_item page-item-1406\"><a href=\"https:\/\/tufotovideo.es\/en\/blog\/5-tendencias-de-video-de-boda-que-te-encantaran\/\">Tendencias de v\u00eddeo de boda que te encantar\u00e1n<\/a><\/li><li class=\"elementor-sitemap-item elementor-sitemap-item-post page_item page-item-1403\"><a href=\"https:\/\/tufotovideo.es\/en\/blog\/quieres-tener-una-boda-instagrameable-te-dejamos-algunas-ideas\/\">\u00bfQuieres tener una boda instagrameable? Te dejamos algunas ideas<\/a><\/li><li class=\"elementor-sitemap-item elementor-sitemap-item-post page_item page-item-1390\"><a href=\"https:\/\/tufotovideo.es\/en\/blog\/tendencias-de-bodas-2024-que-te-encantaran\/\">Tendencias de bodas 2024 que te encantar\u00e1n<\/a><\/li><li class=\"elementor-sitemap-item elementor-sitemap-item-post page_item page-item-1173\"><a href=\"https:\/\/tufotovideo.es\/en\/blog\/5-ideas-para-mostrar-videos-de-boda-originales-el-dia-de-la-boda\/\">5 ideas para mostrar v\u00eddeos de boda originales el d\u00eda de la boda<\/a><\/li><li class=\"elementor-sitemap-item elementor-sitemap-item-post page_item page-item-1165\"><a href=\"https:\/\/tufotovideo.es\/en\/blog\/curso-de-fotografia-profesional-en-granada\/\">Curso de Fotograf\u00eda Profesional en Granada<\/a><\/li><li class=\"elementor-sitemap-item elementor-sitemap-item-post page_item page-item-1154\"><a href=\"https:\/\/tufotovideo.es\/en\/blog\/te-ensenamos-6-tendencias-de-edicion-de-fotos-para-tu-boda\/\">Te ense\u00f1amos 6 tendencias de edici\u00f3n de fotos para tu boda<\/a><\/li><li class=\"elementor-sitemap-item elementor-sitemap-item-post page_item page-item-1150\"><a href=\"https:\/\/tufotovideo.es\/en\/blog\/sesion-de-fotos-postboda-5-ventajas-segun-los-expertos\/\">Sesi\u00f3n de fotos postboda: 5 ventajas seg\u00fan los expertos<\/a><\/li><li class=\"elementor-sitemap-item elementor-sitemap-item-post page_item page-item-1147\"><a href=\"https:\/\/tufotovideo.es\/en\/blog\/estos-son-los-trucos-infalibles-para-posar-en-las-fotos-de-tu-boda\/\">Estos son los trucos infalibles para posar en las fotos de tu boda<\/a><\/li><li class=\"elementor-sitemap-item elementor-sitemap-item-post page_item page-item-1144\"><a href=\"https:\/\/tufotovideo.es\/en\/blog\/videos-con-drones-para-tu-boda-la-mejor-eleccion\/\">V\u00eddeos con drones para tu boda, la mejor elecci\u00f3n<\/a><\/li><li class=\"elementor-sitemap-item elementor-sitemap-item-post page_item page-item-1140\"><a href=\"https:\/\/tufotovideo.es\/en\/blog\/5-fotografias-que-debes-tener-antes-de-ponerte-el-vestido-de-novia\/\">5 fotograf\u00edas que debes tener antes de ponerte el vestido de novia<\/a><\/li><li class=\"elementor-sitemap-item elementor-sitemap-item-post page_item page-item-1114\"><a href=\"https:\/\/tufotovideo.es\/en\/blog\/videobooth-360-para-bodas-una-tendencia-de-lo-mas-rompedora\/\">Videobooth 360 para bodas, una tendencia de lo m\u00e1s rompedora<\/a><\/li><li class=\"elementor-sitemap-item elementor-sitemap-item-post page_item page-item-1111\"><a href=\"https:\/\/tufotovideo.es\/en\/blog\/5-tipos-de-fotografias-de-boda-cual-va-mas-con-vosotros\/\">5 tipos de fotograf\u00edas de boda, \u00bfCu\u00e1l va m\u00e1s con vosotros?<\/a><\/li><li class=\"elementor-sitemap-item elementor-sitemap-item-post page_item page-item-1108\"><a href=\"https:\/\/tufotovideo.es\/en\/blog\/fotos-de-preboda-o-de-postboda-que-debes-elegir-y-por-que\/\">\u00bfFotos de preboda o de postboda? Qu\u00e9 debes elegir y por qu\u00e9<\/a><\/li><li class=\"elementor-sitemap-item elementor-sitemap-item-post page_item page-item-1105\"><a href=\"https:\/\/tufotovideo.es\/en\/blog\/6-fotos-con-tu-vestido-de-novia-que-debes-hacerte-si-o-si\/\">6 fotos con tu vestido de novia que debes hacerte s\u00ed o s\u00ed<\/a><\/li><li class=\"elementor-sitemap-item elementor-sitemap-item-post page_item page-item-1097\"><a href=\"https:\/\/tufotovideo.es\/en\/blog\/5-consejos-para-tu-sesion-fotografica-de-preboda\/\">5 Consejos para tu sesi\u00f3n fotogr\u00e1fica de preboda<\/a><\/li><li class=\"elementor-sitemap-item elementor-sitemap-item-post page_item page-item-1093\"><a href=\"https:\/\/tufotovideo.es\/en\/blog\/drones-para-bodas-2023-las-mejores-fotografias-para-tu-gran-dia\/\">Drones para bodas 2023: Las mejores fotograf\u00edas para tu gran d\u00eda<\/a><\/li><li class=\"elementor-sitemap-item elementor-sitemap-item-post page_item page-item-1089\"><a href=\"https:\/\/tufotovideo.es\/en\/blog\/estas-son-las-ultimas-tendencias-en-fotografias-de-boda-2023\/\">Estas son las \u00faltimas tendencias en fotograf\u00edas de boda 2023<\/a><\/li><li class=\"elementor-sitemap-item elementor-sitemap-item-post page_item page-item-945\"><a href=\"https:\/\/tufotovideo.es\/en\/blog\/boda-marco-mireia\/\">Boda Marco &#038; Mireia<\/a><\/li><li class=\"elementor-sitemap-item elementor-sitemap-item-post page_item page-item-899\"><a href=\"https:\/\/tufotovideo.es\/en\/blog\/tufotovideo-fotografia-filmacion-de-bodas-en-granada\/\">Tufotovideo, fotograf\u00eda &#038; filmaci\u00f3n de bodas en Granada<\/a><\/li><li class=\"elementor-sitemap-item elementor-sitemap-item-post page_item page-item-704\"><a href=\"https:\/\/tufotovideo.es\/en\/blog\/boda-juan-e-isabel\/\">Boda Juan e Isabel<\/a><\/li><\/ul><\/div><\/div>\t\t\t\t<\/div>\n\t\t\t\t<\/div>\n\t\t\t\t\t<\/div>\n\t\t<\/div>\n\t\t\t\t\t<\/div>\n\t\t<\/section>\n\t\t\t\t<\/div>","protected":false},"excerpt":{"rendered":"<p>Site map<\/p>","protected":false},"author":1,"featured_media":0,"parent":0,"menu_order":11,"comment_status":"closed","ping_status":"closed","template":"","meta":{"_acf_changed":false,"_joinchat":[],"footnotes":""},"class_list":["post-867","page","type-page","status-publish","hentry"],"acf":[],"_links":{"self":[{"href":"https:\/\/tufotovideo.es\/en\/wp-json\/wp\/v2\/pages\/867","targetHints":{"allow":["GET"]}}],"collection":[{"href":"https:\/\/tufotovideo.es\/en\/wp-json\/wp\/v2\/pages"}],"about":[{"href":"https:\/\/tufotovideo.es\/en\/wp-json\/wp\/v2\/types\/page"}],"author":[{"embeddable":true,"href":"https:\/\/tufotovideo.es\/en\/wp-json\/wp\/v2\/users\/1"}],"replies":[{"embeddable":true,"href":"https:\/\/tufotovideo.es\/en\/wp-json\/wp\/v2\/comments?post=867"}],"version-history":[{"count":0,"href":"https:\/\/tufotovideo.es\/en\/wp-json\/wp\/v2\/pages\/867\/revisions"}],"wp:attachment":[{"href":"https:\/\/tufotovideo.es\/en\/wp-json\/wp\/v2\/media?parent=867"}],"curies":[{"name":"wp","href":"https:\/\/api.w.org\/{rel}","templated":true}]}}